{"id":50545,"date":"2020-08-11T16:22:13","date_gmt":"2020-08-11T14:22:13","guid":{"rendered":"https:\/\/demo.kloffa.fi\/?post_type=product&#038;p=50545"},"modified":"2023-04-12T16:08:40","modified_gmt":"2023-04-12T14:08:40","slug":"kangaskassi-budget-omalla-logolla-painatettuna","status":"publish","type":"product","link":"https:\/\/tilaa.kloffa.fi\/en\/product\/kangaskassi-budget-omalla-logolla-painatettuna\/","title":{"rendered":"Demo Kangaskassi"},"content":{"rendered":"<p><a href=\"https:\/\/tilaa.kloffa.fi\/en\/demo-yritys\/\">Takaisin yrityksen etusivulle<\/a><\/p>","protected":false},"excerpt":{"rendered":"<p>Etsitk\u00f6 seurallesi uusia treeni- tai pelipaitoja? T\u00e4ss\u00e4 sinulle vaihtoehto, jonka avulla n\u00e4yt\u00e4t kent\u00e4ll\u00e4 tyylikk\u00e4\u00e4lt\u00e4 ja teet sen samalla t\u00e4ysin ekologisesti. Sport Basic t-paidat ovat valmistettu 100% kierr\u00e4tetyst\u00e4 polyesterist\u00e4, mik\u00e4 tarkoittaa ett\u00e4 vanhasta kierr\u00e4tysj\u00e4tteest\u00e4 on nyt valmistettu sinulle uusia vaatteita. Paita tuntuu urheillessa viile\u00e4lt\u00e4 ja joustavalta. Soveltuu erinomaisesti esimerkiksi kuntoiluun tai joukkuelajeihin.<\/p>\n<ul>\n<li style=\"font-weight: 400;\"><span style=\"font-weight: 400;\">Naisten ja miesten\/unisex lyhythihaiset t-paidat. Valmistettu 100% kierr\u00e4tetyst\u00e4 polyesterista.<\/span><\/li>\n<li style=\"font-weight: 400;\"><span style=\"font-weight: 400;\">140 g\/m2<\/span><\/li>\n<li>Koot: S-2XL<\/li>\n<li>Merkki: Ecologie<\/li>\n<li>Valmistusmaa: Bangladesh<\/li>\n<li>Sertifikaatit: PETA-Approved Vegan<\/li>\n<li style=\"font-weight: 400;\"><span style=\"font-weight: 400;\">Saatavilla 5 eri v\u00e4ri\u00e4: valkoinen, punainen, musta, sininen ja navy<\/span><\/li>\n<li style=\"font-weight: 400;\"><span style=\"font-weight: 400;\">Suositeltu merkint\u00e4tapa:\u00a0brodeeraus tai silkkipaino<\/span><\/li>\n<\/ul>\n<p>Lis\u00e4\u00e4 tuote tilauskoriin.<\/p>","protected":false},"featured_media":50546,"template":"","meta":{"_et_pb_use_builder":"","_et_pb_old_content":"","_et_gb_content_width":""},"product_brand":[],"product_cat":[45],"product_tag":[],"class_list":{"0":"post-50545","1":"product","2":"type-product","3":"status-publish","4":"has-post-thumbnail","6":"product_cat-cursus-epistulus","8":"first","9":"instock","10":"virtual","11":"sold-individually","12":"purchasable","13":"product-type-simple"},"_links":{"self":[{"href":"https:\/\/tilaa.kloffa.fi\/en\/wp-json\/wp\/v2\/product\/50545","targetHints":{"allow":["GET"]}}],"collection":[{"href":"https:\/\/tilaa.kloffa.fi\/en\/wp-json\/wp\/v2\/product"}],"about":[{"href":"https:\/\/tilaa.kloffa.fi\/en\/wp-json\/wp\/v2\/types\/product"}],"wp:featuredmedia":[{"embeddable":true,"href":"https:\/\/tilaa.kloffa.fi\/en\/wp-json\/wp\/v2\/media\/50546"}],"wp:attachment":[{"href":"https:\/\/tilaa.kloffa.fi\/en\/wp-json\/wp\/v2\/media?parent=50545"}],"wp:term":[{"taxonomy":"product_brand","embeddable":true,"href":"https:\/\/tilaa.kloffa.fi\/en\/wp-json\/wp\/v2\/product_brand?post=50545"},{"taxonomy":"product_cat","embeddable":true,"href":"https:\/\/tilaa.kloffa.fi\/en\/wp-json\/wp\/v2\/product_cat?post=50545"},{"taxonomy":"product_tag","embeddable":true,"href":"https:\/\/tilaa.kloffa.fi\/en\/wp-json\/wp\/v2\/product_tag?post=50545"}],"curies":[{"name":"wp","href":"https:\/\/api.w.org\/{rel}","templated":true}]}}