{"id":50532,"date":"2020-08-11T16:04:17","date_gmt":"2020-08-11T16:04:17","guid":{"rendered":"https:\/\/demo.kloffa.fi\/?post_type=product&amp;p=50532"},"modified":"2020-08-11T16:04:17","modified_gmt":"2020-08-11T16:04:17","slug":"kierratetty-muki-350-ml-lampoeristetty","status":"publish","type":"product","link":"https:\/\/tilaa.kloffa.fi\/en\/product\/kierratetty-muki-350-ml-lampoeristetty\/","title":{"rendered":"Keep cup kierr\u00e4tysmuovista"},"content":{"rendered":"","protected":false},"excerpt":{"rendered":"<h3>Hinta alkaen 6,00\u20ac \/ kpl alv 0%<\/h3>\n<p>Hinta ei sis\u00e4ll\u00e4 merkkauksia eik\u00e4 toimituksia. Ota yhteytt\u00e4 tai l\u00e4het\u00e4 meille tarjouspyynt\u00f6 niin laskemme sinulle tarkan tarjouksen haluamistasi tuotteista.<\/p>\n<p>Etsitk\u00f6 yrityksellesi tai tapahtumaan sopivia pahvimukeja\/kahvikuppeja? T\u00e4ss\u00e4 oikeasti ekologinen vaihtoehto kaikille kuumille juomille (miksei my\u00f6s kylmille). Kloffa Clothingin Keep Cupit on valmistettu 100% kierr\u00e4tysmuovista. Muki on l\u00e4mp\u00f6eristetty kaksoiskuorella ja kannen kierteissulkeminen sek\u00e4 napsautettava suuaukon peitin est\u00e4v\u00e4t juoman roiskumista. Tilavaan mukiin mahtuu jopa 350ml. P\u00e4\u00e4v\u00e4rin\u00e4 on saatavilla ainoastaan musta, mutta kylkeen on mahdollista painattaa mink\u00e4 v\u00e4risi\u00e4 logoja tahansa.<\/p>\n<ul>\n<li style=\"font-weight: 400;\"><span style=\"font-weight: 400;\">100% kierr\u00e4tetty l\u00e4mp\u00f6eristetty muki<\/span><\/li>\n<li>Tilavuus 350ml<\/li>\n<li style=\"font-weight: 400;\"><span style=\"font-weight: 400;\">Mukin koko: 15,5 cm korkeus, 9,5 cm halkaisija ja 116g paino<\/span><\/li>\n<li style=\"font-weight: 400;\"><span style=\"font-weight: 400;\">V\u00e4rit: Musta<\/span><\/li>\n<li>Valmistusmaa Iso-Britannia<\/li>\n<li style=\"font-weight: 400;\"><span style=\"font-weight: 400;\">Valmistettu kierr\u00e4tetyst\u00e4 PP muovista<\/span><\/li>\n<li style=\"font-weight: 400;\"><span style=\"font-weight: 400;\">Silkkipainatus mahdollisuus<\/span><\/li>\n<li style=\"font-weight: 400;\"><span style=\"font-weight: 400;\">Kuvan mitat max: 228 mm leveys, 73 mm korkeus ja enint\u00e4\u00e4n 4 v\u00e4ri\u00e4<\/span><\/li>\n<li style=\"font-weight: 400;\"><span style=\"font-weight: 400;\">Pakattu kompostoitavaan pussiin<\/span><\/li>\n<li>Tuotteiden minimitilausm\u00e4\u00e4r\u00e4 50kpl<\/li>\n<\/ul>\n<p>Valitse arvio t\u00e4m\u00e4n tuotteen m\u00e4\u00e4r\u00e4st\u00e4 ja lis\u00e4\u00e4 tuote tarjouskoriin.<\/p>","protected":false},"featured_media":50533,"template":"","meta":{"_et_pb_use_builder":"","_et_pb_old_content":"","_et_gb_content_width":""},"product_brand":[],"product_cat":[15],"product_tag":[],"class_list":{"0":"post-50532","1":"product","2":"type-product","3":"status-publish","4":"has-post-thumbnail","6":"product_cat-yleinen","8":"first","9":"instock","10":"virtual","11":"purchasable","12":"product-type-simple"},"_links":{"self":[{"href":"https:\/\/tilaa.kloffa.fi\/en\/wp-json\/wp\/v2\/product\/50532","targetHints":{"allow":["GET"]}}],"collection":[{"href":"https:\/\/tilaa.kloffa.fi\/en\/wp-json\/wp\/v2\/product"}],"about":[{"href":"https:\/\/tilaa.kloffa.fi\/en\/wp-json\/wp\/v2\/types\/product"}],"wp:featuredmedia":[{"embeddable":true,"href":"https:\/\/tilaa.kloffa.fi\/en\/wp-json\/wp\/v2\/media\/50533"}],"wp:attachment":[{"href":"https:\/\/tilaa.kloffa.fi\/en\/wp-json\/wp\/v2\/media?parent=50532"}],"wp:term":[{"taxonomy":"product_brand","embeddable":true,"href":"https:\/\/tilaa.kloffa.fi\/en\/wp-json\/wp\/v2\/product_brand?post=50532"},{"taxonomy":"product_cat","embeddable":true,"href":"https:\/\/tilaa.kloffa.fi\/en\/wp-json\/wp\/v2\/product_cat?post=50532"},{"taxonomy":"product_tag","embeddable":true,"href":"https:\/\/tilaa.kloffa.fi\/en\/wp-json\/wp\/v2\/product_tag?post=50532"}],"curies":[{"name":"wp","href":"https:\/\/api.w.org\/{rel}","templated":true}]}}