{"id":50497,"date":"2020-08-09T10:54:23","date_gmt":"2020-08-09T10:54:23","guid":{"rendered":"https:\/\/demo.kloffa.fi\/?post_type=product&amp;p=50497"},"modified":"2020-08-09T10:54:23","modified_gmt":"2020-08-09T10:54:23","slug":"college-100-kierratetty-unisex","status":"publish","type":"product","link":"https:\/\/tilaa.kloffa.fi\/en\/product\/college-100-kierratetty-unisex\/","title":{"rendered":"Unisex College &#8217;Klaimet"},"content":{"rendered":"<h3 style=\"text-align: center;\">Mittataulukko<\/h3>\n<table width=\"737\">\n<tbody>\n<tr>\n<td width=\"215\"><\/td>\n<td width=\"87\">XS<\/td>\n<td width=\"87\">S<\/td>\n<td width=\"87\">M<\/td>\n<td width=\"87\">L<\/td>\n<td width=\"87\">XL<\/td>\n<td width=\"87\">XXL<\/td>\n<\/tr>\n<tr>\n<td>Rinnan leveys<\/td>\n<td>48<\/td>\n<td>53<\/td>\n<td>56<\/td>\n<td>60<\/td>\n<td>62<\/td>\n<td>64<\/td>\n<\/tr>\n<tr>\n<td>Pituus kauluksesta &#8211; alareunaan<\/td>\n<td>63<\/td>\n<td>65<\/td>\n<td>69<\/td>\n<td>71<\/td>\n<td>73<\/td>\n<td>76<\/td>\n<\/tr>\n<tr>\n<td>Hihan pituus<\/td>\n<td>58<\/td>\n<td>61<\/td>\n<td>64<\/td>\n<td>67<\/td>\n<td>68<\/td>\n<td>69<\/td>\n<\/tr>\n<\/tbody>\n<\/table>\n<ul>\n<li>Rinnan leveys on mitattu kainalosta \u2013 kainaloon<\/li>\n<li>Pituus on mitattu kaula-aukon reunasta \u2013 paidan alareunaan<\/li>\n<li>Hihan pituus on mitattu olkasaumasta \u2013 hihan loppuun<\/li>\n<\/ul>","protected":false},"excerpt":{"rendered":"<h3>Hinta alkaen 21,00\u20ac \/ kpl alv 0%<\/h3>\n<p>Hinta ei sis\u00e4ll\u00e4 merkkauksia eik\u00e4 toimituksia. Ota yhteytt\u00e4 tai l\u00e4het\u00e4 meille tarjouspyynt\u00f6 niin laskemme sinulle tarkan tarjouksen haluamistasi tuotteista.<\/p>\n<p>Tyylik\u00e4s ja istuva unisex collegepaita. Valmistettu 100% tekstiili- ja muovij\u00e4tteest\u00e4 sek\u00e4 tuotettu\u00a0kokonaan EU-alueella.<\/p>\n<p><strong>Valitsemalla yhden \u2018Klaimet\u00ae collegepaidan:<\/strong><\/p>\n<ul>\n<li>S\u00e4\u00e4styy 5000 litraa vett\u00e4<\/li>\n<li>S\u00e4\u00e4styy 7700 grammaa CO2-p\u00e4\u00e4st\u00f6j\u00e4<\/li>\n<li>S\u00e4\u00e4styy 18,7 kWh energiaa<\/li>\n<li>Hy\u00f6dynnet\u00e4\u00e4n 13 kierr\u00e4tetty\u00e4 muovipulloa<\/li>\n<\/ul>\n<p>Design: Unisex<br \/>\nKoot: XS-XXL<br \/>\nV\u00e4rit: Harmaa, Musta ja Navy<br \/>\nValmistusmaa: Portugali<br \/>\nSuunniteltu Suomessa<br \/>\nMateriaali: 50% kierr\u00e4tetty puuvilla, 47% kierr\u00e4tetty polyesteri, 3% muut kierr\u00e4tetyt kuidut<br \/>\nSertifikaatit: Materiaalit GRS (Global Recycled Standard) &amp; Oeko-Tex 100 ja Tuotanto Amfori BSCI &amp; The Global Compact<br \/>\nSet-in-tyyliset hihat<br \/>\nJoustavat hiha- ja vy\u00f6t\u00e4r\u00f6resorit<\/p>\n<p>Valitse arvio t\u00e4m\u00e4n tuotteen m\u00e4\u00e4r\u00e4st\u00e4 ja lis\u00e4\u00e4 tuote tarjouskoriin.<\/p>","protected":false},"featured_media":50498,"template":"","meta":{"_et_pb_use_builder":"","_et_pb_old_content":"","_et_gb_content_width":""},"product_brand":[],"product_cat":[15],"product_tag":[],"class_list":{"0":"post-50497","1":"product","2":"type-product","3":"status-publish","4":"has-post-thumbnail","6":"product_cat-yleinen","8":"first","9":"instock","10":"virtual","11":"purchasable","12":"product-type-simple"},"_links":{"self":[{"href":"https:\/\/tilaa.kloffa.fi\/en\/wp-json\/wp\/v2\/product\/50497","targetHints":{"allow":["GET"]}}],"collection":[{"href":"https:\/\/tilaa.kloffa.fi\/en\/wp-json\/wp\/v2\/product"}],"about":[{"href":"https:\/\/tilaa.kloffa.fi\/en\/wp-json\/wp\/v2\/types\/product"}],"wp:featuredmedia":[{"embeddable":true,"href":"https:\/\/tilaa.kloffa.fi\/en\/wp-json\/wp\/v2\/media\/50498"}],"wp:attachment":[{"href":"https:\/\/tilaa.kloffa.fi\/en\/wp-json\/wp\/v2\/media?parent=50497"}],"wp:term":[{"taxonomy":"product_brand","embeddable":true,"href":"https:\/\/tilaa.kloffa.fi\/en\/wp-json\/wp\/v2\/product_brand?post=50497"},{"taxonomy":"product_cat","embeddable":true,"href":"https:\/\/tilaa.kloffa.fi\/en\/wp-json\/wp\/v2\/product_cat?post=50497"},{"taxonomy":"product_tag","embeddable":true,"href":"https:\/\/tilaa.kloffa.fi\/en\/wp-json\/wp\/v2\/product_tag?post=50497"}],"curies":[{"name":"wp","href":"https:\/\/api.w.org\/{rel}","templated":true}]}}