{"id":50193,"date":"2020-06-07T13:13:23","date_gmt":"2020-06-07T13:13:23","guid":{"rendered":"https:\/\/demo.kloffa.fi\/?post_type=product&amp;p=50193"},"modified":"2020-06-07T13:13:23","modified_gmt":"2020-06-07T13:13:23","slug":"kangaskassi-classic","status":"publish","type":"product","link":"https:\/\/tilaa.kloffa.fi\/en\/product\/kangaskassi-classic\/","title":{"rendered":"Kangaskassi Classic"},"content":{"rendered":"","protected":false},"excerpt":{"rendered":"<h3>Hinta alkaen 5,50\u20ac \/ kpl alv 0%<\/h3>\n<p>Hinta ei sis\u00e4ll\u00e4 merkkauksia eik\u00e4 toimituksia. Ota yhteytt\u00e4 tai l\u00e4het\u00e4 meille tarjouspyynt\u00f6 niin laskemme sinulle tarkan tarjouksen haluamistasi tuotteista.<\/p>\n<p>Perinteinen kangaskassin design, mutta valmistettu t\u00e4ysin kierr\u00e4tysmateriaaleista ja laadultaan eritt\u00e4in kest\u00e4v\u00e4. Kantokahvat ovat tukevat ja leve\u00e4t, mik\u00e4 takaa mukavan k\u00e4ytt\u00f6kokemuksen. T\u00e4ll\u00e4 tuotteella et lis\u00e4\u00e4 tekstiilij\u00e4tteen m\u00e4\u00e4r\u00e4\u00e4 maapallolle vaan p\u00e4invastoin v\u00e4henn\u00e4t sit\u00e4! Yhden Classic kangaskassin valmistukseen k\u00e4ytet\u00e4\u00e4n keskim\u00e4\u00e4rin n. 7kpl 0,5l kierr\u00e4tyspulloja. Muovij\u00e4te ei ole tosiaankaan ole en\u00e4\u00e4 roskaa.<\/p>\n<ul>\n<li>60% kierr\u00e4tyspuuvillaa<\/li>\n<li>40% kierr\u00e4tys polyesteria<\/li>\n<li>Valmistusmaa: Intia<\/li>\n<li>Sertifikaatit: GRS (Global Recycled Standard, PETA-Approved Vegan, Fair Wear<\/li>\n<li>Paino 215g<\/li>\n<li>Saatavilla olevat v\u00e4rit: Luonnonvalkoinen, Navy, Musta, Tumman vihre\u00e4, Vaaleansininen, Valkoinen, Vihre\u00e4, Viininpunainen<\/li>\n<\/ul>\n<p>Valitse arvio t\u00e4m\u00e4n tuotteen m\u00e4\u00e4r\u00e4st\u00e4 ja lis\u00e4\u00e4 tuote tarjouskoriin.<\/p>","protected":false},"featured_media":50194,"template":"","meta":{"_et_pb_use_builder":"","_et_pb_old_content":"","_et_gb_content_width":""},"product_brand":[],"product_cat":[15],"product_tag":[],"class_list":{"0":"post-50193","1":"product","2":"type-product","3":"status-publish","4":"has-post-thumbnail","6":"product_cat-yleinen","8":"first","9":"instock","10":"virtual","11":"purchasable","12":"product-type-simple"},"_links":{"self":[{"href":"https:\/\/tilaa.kloffa.fi\/en\/wp-json\/wp\/v2\/product\/50193","targetHints":{"allow":["GET"]}}],"collection":[{"href":"https:\/\/tilaa.kloffa.fi\/en\/wp-json\/wp\/v2\/product"}],"about":[{"href":"https:\/\/tilaa.kloffa.fi\/en\/wp-json\/wp\/v2\/types\/product"}],"wp:featuredmedia":[{"embeddable":true,"href":"https:\/\/tilaa.kloffa.fi\/en\/wp-json\/wp\/v2\/media\/50194"}],"wp:attachment":[{"href":"https:\/\/tilaa.kloffa.fi\/en\/wp-json\/wp\/v2\/media?parent=50193"}],"wp:term":[{"taxonomy":"product_brand","embeddable":true,"href":"https:\/\/tilaa.kloffa.fi\/en\/wp-json\/wp\/v2\/product_brand?post=50193"},{"taxonomy":"product_cat","embeddable":true,"href":"https:\/\/tilaa.kloffa.fi\/en\/wp-json\/wp\/v2\/product_cat?post=50193"},{"taxonomy":"product_tag","embeddable":true,"href":"https:\/\/tilaa.kloffa.fi\/en\/wp-json\/wp\/v2\/product_tag?post=50193"}],"curies":[{"name":"wp","href":"https:\/\/api.w.org\/{rel}","templated":true}]}}