{"id":50122,"date":"2020-06-01T14:00:25","date_gmt":"2020-06-01T14:00:25","guid":{"rendered":"https:\/\/demo.kloffa.fi\/?post_type=product&amp;p=50122"},"modified":"2020-06-01T14:00:25","modified_gmt":"2020-06-01T14:00:25","slug":"naisten-slim-fit-t-paita","status":"publish","type":"product","link":"https:\/\/tilaa.kloffa.fi\/en\/product\/naisten-slim-fit-t-paita\/","title":{"rendered":"Naisten Slim Fit T-Paita"},"content":{"rendered":"","protected":false},"excerpt":{"rendered":"<h3>Hinta alkaen 9,70\u20ac \/ kpl alv 0%<\/h3>\n<p>Hinta ei sis\u00e4ll\u00e4 merkkauksia eik\u00e4 toimituksia. Ota yhteytt\u00e4 tai l\u00e4het\u00e4 meille tarjouspyynt\u00f6 niin laskemme sinulle tarkan tarjouksen haluamistasi tuotteista.<\/p>\n<p>Naisten Slim Fit -mallinen t-paita ja nyt 100% valmistettu kierr\u00e4tysmateriaaleista. Kierr\u00e4tysmateriaaleista valmistetut tuotteet ovat aidosti ekologisia, sill\u00e4 niiden valmistus ei tuota ollenkaan uutta materiaalia tai j\u00e4tett\u00e4. 100% kierr\u00e4tysmateriaaleista valmistettujen tuotteiden kangas kuluttaa ainoastaan jo olemassaolevia resursseja, jotka ovat ennen olleet pelkk\u00e4\u00e4 hukkaa ja j\u00e4tett\u00e4. Esimerkiksi t\u00e4m\u00e4nkin paidan valmistukseen k\u00e4ytet\u00e4\u00e4n keskim\u00e4\u00e4rin yli 3 kappaletta 1,5l kierr\u00e4tettyj\u00e4 muovipulloja.<\/p>\n<ul>\n<li>60% kierr\u00e4tys puuvilla<\/li>\n<li>40% kierr\u00e4tys polyesteri<\/li>\n<li>Paino 165g<\/li>\n<li>Koot: S-XL<\/li>\n<li>Valmistusmaa: Intia<\/li>\n<li>Sertifikaatit: GRS (Global Recycled Standard, PETA-Approved Vegan, Fair Wear<\/li>\n<li>Saatavilla olevat v\u00e4rit: Harmaa, Navy ja Musta<\/li>\n<\/ul>\n<p>Valitse arvio t\u00e4m\u00e4n tuotteen m\u00e4\u00e4r\u00e4st\u00e4 ja lis\u00e4\u00e4 tuote tarjouskoriin.<\/p>","protected":false},"featured_media":50123,"template":"","meta":{"_et_pb_use_builder":"","_et_pb_old_content":"","_et_gb_content_width":""},"product_brand":[],"product_cat":[15],"product_tag":[],"class_list":{"0":"post-50122","1":"product","2":"type-product","3":"status-publish","4":"has-post-thumbnail","6":"product_cat-yleinen","8":"first","9":"instock","10":"virtual","11":"purchasable","12":"product-type-simple"},"_links":{"self":[{"href":"https:\/\/tilaa.kloffa.fi\/en\/wp-json\/wp\/v2\/product\/50122","targetHints":{"allow":["GET"]}}],"collection":[{"href":"https:\/\/tilaa.kloffa.fi\/en\/wp-json\/wp\/v2\/product"}],"about":[{"href":"https:\/\/tilaa.kloffa.fi\/en\/wp-json\/wp\/v2\/types\/product"}],"wp:featuredmedia":[{"embeddable":true,"href":"https:\/\/tilaa.kloffa.fi\/en\/wp-json\/wp\/v2\/media\/50123"}],"wp:attachment":[{"href":"https:\/\/tilaa.kloffa.fi\/en\/wp-json\/wp\/v2\/media?parent=50122"}],"wp:term":[{"taxonomy":"product_brand","embeddable":true,"href":"https:\/\/tilaa.kloffa.fi\/en\/wp-json\/wp\/v2\/product_brand?post=50122"},{"taxonomy":"product_cat","embeddable":true,"href":"https:\/\/tilaa.kloffa.fi\/en\/wp-json\/wp\/v2\/product_cat?post=50122"},{"taxonomy":"product_tag","embeddable":true,"href":"https:\/\/tilaa.kloffa.fi\/en\/wp-json\/wp\/v2\/product_tag?post=50122"}],"curies":[{"name":"wp","href":"https:\/\/api.w.org\/{rel}","templated":true}]}}