{"id":50014,"date":"2020-05-27T10:40:30","date_gmt":"2020-05-27T10:40:30","guid":{"rendered":"https:\/\/demo.kloffa.fi\/?post_type=product&amp;p=50014"},"modified":"2020-05-27T10:40:30","modified_gmt":"2020-05-27T10:40:30","slug":"unisex-t-paita-classic","status":"publish","type":"product","link":"https:\/\/tilaa.kloffa.fi\/en\/product\/unisex-t-paita-classic\/","title":{"rendered":"Unisex T-Paita Classic"},"content":{"rendered":"","protected":false},"excerpt":{"rendered":"<h3>Hinta alkaen 11,70\u20ac \/ kpl alv 0%<\/h3>\n<p>Hinta ei sis\u00e4ll\u00e4 merkkauksia eik\u00e4 toimituksia. Ota yhteytt\u00e4 tai l\u00e4het\u00e4 meille tarjouspyynt\u00f6 niin laskemme sinulle tarkan tarjouksen haluamistasi tuotteista.<\/p>\n<p class=\"small noMargin\">Unisex t-paita, nyt 100% valmistettuna kierr\u00e4tysmateriaaleista. Kierr\u00e4tysmateriaaleista valmistetut tuotteet ovat aidosti ekologisia, sill\u00e4 niiden valmistus ei tuota ollenkaan uutta materiaalia tai j\u00e4tett\u00e4. 100% kierr\u00e4tysmateriaaleista valmistettujen tuotteiden kangas kuluttaa ainoastaan jo olemassaolevia resursseja, jotka ovat ennen olleet pelkk\u00e4\u00e4 hukkaa ja j\u00e4tett\u00e4. Esimerkiksi t\u00e4m\u00e4n paidan valmistukseen k\u00e4ytet\u00e4\u00e4n keskim\u00e4\u00e4rin jopa 5 kappaletta 1,5l kierr\u00e4tettyj\u00e4 muovipulloja.<\/p>\n<ul>\n<li class=\"small noMargin\">Materiaali:\u00a060% kierr\u00e4tetty\u00e4 puuvillaa ja 40% kierr\u00e4tetty\u00e4 polyesteri\u00e4.<\/li>\n<li>Koot saatavilla: XS \u2013 2XL<\/li>\n<li>Istuvuus: Medium Fit<\/li>\n<li>Paksuus: 165 gsm<\/li>\n<li>Valmistusmaa: Intia<\/li>\n<li>Sertifikaatit: GRS (Global Recycled Standard), PETA-Approved Vegan, Fair Wear<\/li>\n<li>Saatavilla olevat v\u00e4rit: Harmaa, Melange Musta, Melange Navy, Musta, Navy, Pinkki, Punainen, Sininen, Tumman vihre\u00e4, Vaaleanpunainen, Valkoinen, Vihre\u00e4, Viininpunainen<\/li>\n<\/ul>\n<p class=\"small noMargin\">Kierr\u00e4tetty neulos on viimeistelty meleerauksella ja kevyell\u00e4 raidoituksella. Paidassa on vaakatasossa tai hieman viistosti kevytt\u00e4 raidoitusta, joka on n\u00e4ht\u00e4viss\u00e4 kuvassa.<\/p>\n<p class=\"small noMargin\">Unisex T lukeutuu markkinoiden ymp\u00e4rist\u00f6yst\u00e4v\u00e4llisimpiin vaatteisiin. Paidan valmistukseen on k\u00e4ytetty ainoastaan luomupuuvillavaatteiden tuotannosta syntynytt\u00e4 leikkuuj\u00e4tett\u00e4 sek\u00e4 kierr\u00e4tettyj\u00e4 kertak\u00e4ytt\u00f6muovipulloja. Puuvilla tuo miellytt\u00e4v\u00e4n tuntuman ja polyesteri lis\u00e4\u00e4 paidan joustavuutta.<\/p>\n<p>Valitse arvio t\u00e4m\u00e4n tuotteen m\u00e4\u00e4r\u00e4st\u00e4 ja lis\u00e4\u00e4 tuote tarjouskoriin.<\/p>","protected":false},"featured_media":50015,"template":"","meta":{"_et_pb_use_builder":"","_et_pb_old_content":"","_et_gb_content_width":""},"product_brand":[],"product_cat":[15],"product_tag":[],"class_list":{"0":"post-50014","1":"product","2":"type-product","3":"status-publish","4":"has-post-thumbnail","6":"product_cat-yleinen","8":"first","9":"instock","10":"virtual","11":"purchasable","12":"product-type-simple"},"_links":{"self":[{"href":"https:\/\/tilaa.kloffa.fi\/en\/wp-json\/wp\/v2\/product\/50014","targetHints":{"allow":["GET"]}}],"collection":[{"href":"https:\/\/tilaa.kloffa.fi\/en\/wp-json\/wp\/v2\/product"}],"about":[{"href":"https:\/\/tilaa.kloffa.fi\/en\/wp-json\/wp\/v2\/types\/product"}],"wp:featuredmedia":[{"embeddable":true,"href":"https:\/\/tilaa.kloffa.fi\/en\/wp-json\/wp\/v2\/media\/50015"}],"wp:attachment":[{"href":"https:\/\/tilaa.kloffa.fi\/en\/wp-json\/wp\/v2\/media?parent=50014"}],"wp:term":[{"taxonomy":"product_brand","embeddable":true,"href":"https:\/\/tilaa.kloffa.fi\/en\/wp-json\/wp\/v2\/product_brand?post=50014"},{"taxonomy":"product_cat","embeddable":true,"href":"https:\/\/tilaa.kloffa.fi\/en\/wp-json\/wp\/v2\/product_cat?post=50014"},{"taxonomy":"product_tag","embeddable":true,"href":"https:\/\/tilaa.kloffa.fi\/en\/wp-json\/wp\/v2\/product_tag?post=50014"}],"curies":[{"name":"wp","href":"https:\/\/api.w.org\/{rel}","templated":true}]}}