{"id":52793,"date":"2022-09-13T22:46:40","date_gmt":"2022-09-13T20:46:40","guid":{"rendered":"https:\/\/demo.kloffa.fi\/?page_id=52793"},"modified":"2023-01-22T20:43:06","modified_gmt":"2023-01-22T18:43:06","slug":"kaikki-tuotteet","status":"publish","type":"page","link":"https:\/\/tilaa.kloffa.fi\/en\/kaikki-tuotteet\/","title":{"rendered":"Kaikki tuotteet"},"content":{"rendered":"<p>[et_pb_section fb_built=&#8221;1&#8243; specialty=&#8221;on&#8221; _builder_version=&#8221;4.18.0&#8243; _module_preset=&#8221;default&#8221; background_enable_color=&#8221;off&#8221; module_alignment=&#8221;right&#8221; inner_width=&#8221;100%&#8221; inner_max_width=&#8221;2000px&#8221; global_colors_info=&#8221;{}&#8221;][et_pb_column type=&#8221;3_4&#8243; specialty_columns=&#8221;3&#8243; _builder_version=&#8221;4.16&#8243; _module_preset=&#8221;default&#8221; custom_padding=&#8221;|||&#8221; global_colors_info=&#8221;{}&#8221; custom_padding__hover=&#8221;|||&#8221;][et_pb_row_inner custom_padding_last_edited=&#8221;on|phone&#8221; _builder_version=&#8221;4.18.0&#8243; _module_preset=&#8221;default&#8221; width=&#8221;90%&#8221; module_alignment=&#8221;right&#8221; custom_margin=&#8221;||||false|false&#8221; custom_padding=&#8221;||0px||false|false&#8221; custom_padding_tablet=&#8221;||0px||false|false&#8221; custom_padding_phone=&#8221;0px||||false|false&#8221; module_alignment_tablet=&#8221;center&#8221; module_alignment_phone=&#8221;center&#8221; module_alignment_last_edited=&#8221;on|phone&#8221; global_colors_info=&#8221;{}&#8221;][et_pb_column_inner saved_specialty_column_type=&#8221;3_4&#8243; _builder_version=&#8221;4.18.0&#8243; _module_preset=&#8221;default&#8221; global_colors_info=&#8221;{}&#8221;][et_pb_text _builder_version=&#8221;4.19.4&#8243; _module_preset=&#8221;e26ca311-2fba-44ad-9b93-f466ed3fb898&#8243; hover_enabled=&#8221;0&#8243; global_colors_info=&#8221;{}&#8221; sticky_enabled=&#8221;0&#8243;]<\/p>\n<h1>Kaikki tuotteet &#8211; Painatuksella tai brodeerauksella<\/h1>\n<p>[\/et_pb_text][et_pb_text _builder_version=&#8221;4.18.0&#8243; _module_preset=&#8221;e26ca311-2fba-44ad-9b93-f466ed3fb898&#8243; header_2_font_size=&#8221;24px&#8221; custom_margin=&#8221;20px||10px||false|false&#8221; global_colors_info=&#8221;{}&#8221;]<\/p>\n<h2>Vain aidosti ekologisimmat ja vastuullisimmat tuotteet. Meill\u00e4 Kloffa Clothingilla et tingi laadusta tai ymp\u00e4rist\u00f6yst\u00e4v\u00e4llisyydest\u00e4. Tervetuloa vaatetuksen uudelle aikakaudelle.<\/h2>\n<p>[\/et_pb_text][\/et_pb_column_inner][\/et_pb_row_inner][et_pb_row_inner _builder_version=&#8221;4.18.0&#8243; _module_preset=&#8221;default&#8221; width=&#8221;90%&#8221; module_alignment=&#8221;right&#8221; module_alignment_tablet=&#8221;center&#8221; module_alignment_phone=&#8221;center&#8221; module_alignment_last_edited=&#8221;on|phone&#8221; global_colors_info=&#8221;{}&#8221;][et_pb_column_inner saved_specialty_column_type=&#8221;3_4&#8243; _builder_version=&#8221;4.18.0&#8243; _module_preset=&#8221;default&#8221; global_colors_info=&#8221;{}&#8221;][et_pb_shop show_pagination=&#8221;on&#8221; columns_number=&#8221;4&#8243; show_price=&#8221;off&#8221; show_rating=&#8221;off&#8221; show_sale_badge=&#8221;off&#8221; _builder_version=&#8221;4.19.1&#8243; _module_preset=&#8221;default&#8221; title_text_color=&#8221;#045762&#8243; title_font_size=&#8221;17px&#8221; title_font_size_tablet=&#8221;17px&#8221; title_font_size_phone=&#8221;15px&#8221; title_font_size_last_edited=&#8221;on|phone&#8221; border_radii_image=&#8221;on|15px|15px|15px|15px&#8221; box_shadow_style_image=&#8221;preset1&#8243; box_shadow_vertical_image=&#8221;1px&#8221; box_shadow_blur_image=&#8221;3px&#8221; global_colors_info=&#8221;{}&#8221;][\/et_pb_shop][\/et_pb_column_inner][\/et_pb_row_inner][\/et_pb_column][et_pb_column type=&#8221;1_4&#8243; _builder_version=&#8221;4.16&#8243; _module_preset=&#8221;default&#8221; custom_padding=&#8221;|||&#8221; global_colors_info=&#8221;{}&#8221; custom_padding__hover=&#8221;|||&#8221;][et_pb_sidebar module_class=&#8221;dtb-sidebar&#8221; _builder_version=&#8221;4.18.0&#8243; _module_preset=&#8221;default&#8221; header_font_size=&#8221;22px&#8221; custom_padding=&#8221;|||40px|false|false&#8221; custom_padding_tablet=&#8221;|||40px|false|false&#8221; custom_padding_phone=&#8221;|||40px|false|false&#8221; custom_padding_last_edited=&#8221;on|phone&#8221; border_width_left=&#8221;1px&#8221; border_color_left=&#8221;#e2e2e2&#8243; border_width_left_tablet=&#8221;0px&#8221; border_width_left_phone=&#8221;0px&#8221; border_width_left_last_edited=&#8221;on|phone&#8221; global_colors_info=&#8221;{}&#8221;][\/et_pb_sidebar][\/et_pb_column][\/et_pb_section][et_pb_section fb_built=&#8221;1&#8243; disabled_on=&#8221;on|on|off&#8221; module_id=&#8221;tilaus&#8221; _builder_version=&#8221;4.19.1&#8243; _module_preset=&#8221;default&#8221; background_color=&#8221;rgba(0,0,0,0.03)&#8221; global_module=&#8221;53590&#8243; saved_tabs=&#8221;all&#8221; global_colors_info=&#8221;{}&#8221;][et_pb_row use_custom_gutter=&#8221;on&#8221; gutter_width=&#8221;2&#8243; _builder_version=&#8221;4.18.0&#8243; _module_preset=&#8221;default&#8221; width=&#8221;85%&#8221; width_tablet=&#8221;90%&#8221; width_phone=&#8221;85%&#8221; width_last_edited=&#8221;on|phone&#8221; max_width=&#8221;1600px&#8221; custom_padding=&#8221;0px||0px||false|false&#8221; custom_css_main_element=&#8221;display: flex;||align-items: center;||flex-wrap: wrap;&#8221; global_colors_info=&#8221;{}&#8221;][et_pb_column type=&#8221;4_4&#8243; _builder_version=&#8221;4.18.0&#8243; _module_preset=&#8221;default&#8221; global_colors_info=&#8221;{}&#8221;][et_pb_text _builder_version=&#8221;4.18.0&#8243; _module_preset=&#8221;e26ca311-2fba-44ad-9b93-f466ed3fb898&#8243; global_colors_info=&#8221;{}&#8221;]<\/p>\n<h3>Tuotekategoriat<\/h3>\n<p>[\/et_pb_text][\/et_pb_column][\/et_pb_row][et_pb_row column_structure=&#8221;1_4,1_4,1_4,1_4&#8243; use_custom_gutter=&#8221;on&#8221; gutter_width=&#8221;2&#8243; module_class=&#8221;phone-two-cols&#8221; _builder_version=&#8221;4.18.0&#8243; _module_preset=&#8221;default&#8221; width=&#8221;85%&#8221; width_tablet=&#8221;90%&#8221; width_phone=&#8221;85%&#8221; width_last_edited=&#8221;on|phone&#8221; max_width=&#8221;1600px&#8221; custom_padding=&#8221;||0px||false|false&#8221; global_colors_info=&#8221;{}&#8221;][et_pb_column type=&#8221;1_4&#8243; _builder_version=&#8221;4.18.0&#8243; _module_preset=&#8221;default&#8221; global_colors_info=&#8221;{}&#8221;][et_pb_blurb title=&#8221;Kaikki tuotteet&#8221; image=&#8221;https:\/\/tilaa.kloffa.fi\/wp-content\/uploads\/2022\/09\/DFM0_STSU868_C223-min-1.jpg&#8221; _builder_version=&#8221;4.18.0&#8243; _dynamic_attributes=&#8221;link_option_url&#8221; _module_preset=&#8221;fe8ade50-6e33-470d-aa36-7371fdd88bb7&#8243; link_option_url=&#8221;@ET-DC@eyJkeW5hbWljIjp0cnVlLCJjb250ZW50IjoicG9zdF9saW5rX3VybF9wYWdlIiwic2V0dGluZ3MiOnsicG9zdF9pZCI6IjUyNzkzIn19@&#8221; global_colors_info=&#8221;{}&#8221;][\/et_pb_blurb][\/et_pb_column][et_pb_column type=&#8221;1_4&#8243; _builder_version=&#8221;4.18.0&#8243; _module_preset=&#8221;default&#8221; global_colors_info=&#8221;{}&#8221;][et_pb_blurb title=&#8221;Collegepaidat&#8221; image=&#8221;https:\/\/tilaa.kloffa.fi\/wp-content\/uploads\/2022\/09\/IMG_8647-Edit1200x1500-min.jpg&#8221; _builder_version=&#8221;4.18.0&#8243; _dynamic_attributes=&#8221;link_option_url&#8221; _module_preset=&#8221;fe8ade50-6e33-470d-aa36-7371fdd88bb7&#8243; link_option_url=&#8221;@ET-DC@eyJkeW5hbWljIjp0cnVlLCJjb250ZW50IjoicG9zdF9saW5rX3VybF9wYWdlIiwic2V0dGluZ3MiOnsicG9zdF9pZCI6IjUyNDQyIn19@&#8221; global_colors_info=&#8221;{}&#8221;][\/et_pb_blurb][\/et_pb_column][et_pb_column type=&#8221;1_4&#8243; _builder_version=&#8221;4.18.0&#8243; _module_preset=&#8221;default&#8221; global_colors_info=&#8221;{}&#8221;][et_pb_blurb title=&#8221;T-Paidat&#8221; image=&#8221;https:\/\/tilaa.kloffa.fi\/wp-content\/uploads\/2022\/09\/etusivumalli4-640&#215;640-1.webp&#8221; _builder_version=&#8221;4.18.0&#8243; _dynamic_attributes=&#8221;link_option_url&#8221; _module_preset=&#8221;fe8ade50-6e33-470d-aa36-7371fdd88bb7&#8243; link_option_url=&#8221;@ET-DC@eyJkeW5hbWljIjp0cnVlLCJjb250ZW50IjoicG9zdF9saW5rX3VybF9wYWdlIiwic2V0dGluZ3MiOnsicG9zdF9pZCI6IjUyNDYyIn19@&#8221; global_colors_info=&#8221;{}&#8221;][\/et_pb_blurb][\/et_pb_column][et_pb_column type=&#8221;1_4&#8243; _builder_version=&#8221;4.18.0&#8243; _module_preset=&#8221;default&#8221; global_colors_info=&#8221;{}&#8221;][et_pb_blurb title=&#8221;Hupparit&#8221; image=&#8221;https:\/\/tilaa.kloffa.fi\/wp-content\/uploads\/2022\/09\/SFM5_STSU812_C224-min-1.jpg&#8221; _builder_version=&#8221;4.18.0&#8243; _dynamic_attributes=&#8221;link_option_url&#8221; _module_preset=&#8221;fe8ade50-6e33-470d-aa36-7371fdd88bb7&#8243; link_option_url=&#8221;@ET-DC@eyJkeW5hbWljIjp0cnVlLCJjb250ZW50IjoicG9zdF9saW5rX3VybF9wYWdlIiwic2V0dGluZ3MiOnsicG9zdF9pZCI6IjUyNDQ2In19@&#8221; global_colors_info=&#8221;{}&#8221;][\/et_pb_blurb][\/et_pb_column][\/et_pb_row][et_pb_row column_structure=&#8221;1_4,1_4,1_4,1_4&#8243; use_custom_gutter=&#8221;on&#8221; gutter_width=&#8221;2&#8243; module_class=&#8221;phone-two-cols&#8221; _builder_version=&#8221;4.18.0&#8243; _module_preset=&#8221;default&#8221; width=&#8221;85%&#8221; width_tablet=&#8221;90%&#8221; width_phone=&#8221;85%&#8221; width_last_edited=&#8221;on|phone&#8221; max_width=&#8221;1600px&#8221; custom_padding=&#8221;||0px||false|false&#8221; global_colors_info=&#8221;{}&#8221;][et_pb_column type=&#8221;1_4&#8243; _builder_version=&#8221;4.18.0&#8243; _module_preset=&#8221;default&#8221; global_colors_info=&#8221;{}&#8221;][et_pb_blurb title=&#8221;Housut&#8221; image=&#8221;https:\/\/tilaa.kloffa.fi\/wp-content\/uploads\/2022\/09\/SFM0_STBM569_C250-min.jpg&#8221; _builder_version=&#8221;4.18.0&#8243; _dynamic_attributes=&#8221;link_option_url&#8221; _module_preset=&#8221;fe8ade50-6e33-470d-aa36-7371fdd88bb7&#8243; link_option_url=&#8221;@ET-DC@eyJkeW5hbWljIjp0cnVlLCJjb250ZW50IjoicG9zdF9saW5rX3VybF9wYWdlIiwic2V0dGluZ3MiOnsicG9zdF9pZCI6IjUyNDQ0In19@&#8221; global_colors_info=&#8221;{}&#8221;][\/et_pb_blurb][\/et_pb_column][et_pb_column type=&#8221;1_4&#8243; _builder_version=&#8221;4.18.0&#8243; _module_preset=&#8221;default&#8221; global_colors_info=&#8221;{}&#8221;][et_pb_blurb title=&#8221;Kangaskassit ja reput&#8221; image=&#8221;https:\/\/tilaa.kloffa.fi\/wp-content\/uploads\/2022\/09\/SS-kangaskassi-min-1.jpg&#8221; _builder_version=&#8221;4.18.0&#8243; _dynamic_attributes=&#8221;link_option_url&#8221; _module_preset=&#8221;fe8ade50-6e33-470d-aa36-7371fdd88bb7&#8243; link_option_url=&#8221;@ET-DC@eyJkeW5hbWljIjp0cnVlLCJjb250ZW50IjoicG9zdF9saW5rX3VybF9wYWdlIiwic2V0dGluZ3MiOnsicG9zdF9pZCI6IjUyNDQ4In19@&#8221; global_colors_info=&#8221;{}&#8221;][\/et_pb_blurb][\/et_pb_column][et_pb_column type=&#8221;1_4&#8243; _builder_version=&#8221;4.18.0&#8243; _module_preset=&#8221;default&#8221; global_colors_info=&#8221;{}&#8221;][et_pb_blurb title=&#8221;P\u00e4\u00e4hineet&#8221; image=&#8221;https:\/\/tilaa.kloffa.fi\/wp-content\/uploads\/2022\/09\/Original-lippis-malli-min-1.jpg&#8221; _builder_version=&#8221;4.18.0&#8243; _dynamic_attributes=&#8221;link_option_url&#8221; _module_preset=&#8221;fe8ade50-6e33-470d-aa36-7371fdd88bb7&#8243; link_option_url=&#8221;@ET-DC@eyJkeW5hbWljIjp0cnVlLCJjb250ZW50IjoicG9zdF9saW5rX3VybF9wYWdlIiwic2V0dGluZ3MiOnsicG9zdF9pZCI6IjUyNDU2In19@&#8221; global_colors_info=&#8221;{}&#8221;][\/et_pb_blurb][\/et_pb_column][et_pb_column type=&#8221;1_4&#8243; _builder_version=&#8221;4.18.0&#8243; _module_preset=&#8221;default&#8221; global_colors_info=&#8221;{}&#8221;][et_pb_blurb title=&#8221;Takit&#8221; image=&#8221;https:\/\/tilaa.kloffa.fi\/wp-content\/uploads\/2022\/09\/T9644-fiilis-min-1.jpg&#8221; _builder_version=&#8221;4.18.0&#8243; _dynamic_attributes=&#8221;link_option_url&#8221; _module_preset=&#8221;fe8ade50-6e33-470d-aa36-7371fdd88bb7&#8243; link_option_url=&#8221;@ET-DC@eyJkeW5hbWljIjp0cnVlLCJjb250ZW50IjoicG9zdF9saW5rX3VybF9wYWdlIiwic2V0dGluZ3MiOnsicG9zdF9pZCI6IjUyNDM2In19@&#8221; global_colors_info=&#8221;{}&#8221;][\/et_pb_blurb][\/et_pb_column][\/et_pb_row][et_pb_row column_structure=&#8221;1_4,1_4,1_4,1_4&#8243; use_custom_gutter=&#8221;on&#8221; gutter_width=&#8221;2&#8243; module_class=&#8221;phone-two-cols&#8221; _builder_version=&#8221;4.18.0&#8243; _module_preset=&#8221;default&#8221; width=&#8221;85%&#8221; width_tablet=&#8221;90%&#8221; width_phone=&#8221;85%&#8221; width_last_edited=&#8221;on|phone&#8221; max_width=&#8221;1600px&#8221; global_colors_info=&#8221;{}&#8221;][et_pb_column type=&#8221;1_4&#8243; _builder_version=&#8221;4.18.0&#8243; _module_preset=&#8221;default&#8221; global_colors_info=&#8221;{}&#8221;][et_pb_blurb title=&#8221;Pikee- ja kauluspaidat&#8221; image=&#8221;https:\/\/tilaa.kloffa.fi\/wp-content\/uploads\/2022\/09\/O67001_NAV-1.jpg&#8221; _builder_version=&#8221;4.18.0&#8243; _dynamic_attributes=&#8221;link_option_url&#8221; _module_preset=&#8221;fe8ade50-6e33-470d-aa36-7371fdd88bb7&#8243; header_font_size=&#8221;19px&#8221; image_icon_custom_margin=&#8221;0px||-13px||false|false&#8221; link_option_url=&#8221;@ET-DC@eyJkeW5hbWljIjp0cnVlLCJjb250ZW50IjoicG9zdF9saW5rX3VybF9wYWdlIiwic2V0dGluZ3MiOnsicG9zdF9pZCI6IjUyOTAwIn19@&#8221; global_colors_info=&#8221;{}&#8221;][\/et_pb_blurb][\/et_pb_column][et_pb_column type=&#8221;1_4&#8243; _builder_version=&#8221;4.18.0&#8243; _module_preset=&#8221;default&#8221; global_colors_info=&#8221;{}&#8221;][et_pb_blurb title=&#8221;Liikelahjat&#8221; image=&#8221;https:\/\/tilaa.kloffa.fi\/wp-content\/uploads\/2022\/11\/rsz_1l1b0278-667&#215;667-1.jpg&#8221; _builder_version=&#8221;4.19.0&#8243; _dynamic_attributes=&#8221;link_option_url&#8221; _module_preset=&#8221;fe8ade50-6e33-470d-aa36-7371fdd88bb7&#8243; link_option_url=&#8221;@ET-DC@eyJkeW5hbWljIjp0cnVlLCJjb250ZW50IjoicG9zdF9saW5rX3VybF9wYWdlIiwic2V0dGluZ3MiOnsicG9zdF9pZCI6IjUyNDU0In19@&#8221; global_colors_info=&#8221;{}&#8221;][\/et_pb_blurb][\/et_pb_column][et_pb_column type=&#8221;1_4&#8243; _builder_version=&#8221;4.18.0&#8243; _module_preset=&#8221;default&#8221; global_colors_info=&#8221;{}&#8221;][et_pb_blurb title=&#8221;Muut tuotteet&#8221; image=&#8221;https:\/\/tilaa.kloffa.fi\/wp-content\/uploads\/2022\/09\/21009801_m1-min-1.jpg&#8221; _builder_version=&#8221;4.18.0&#8243; _dynamic_attributes=&#8221;link_option_url&#8221; _module_preset=&#8221;fe8ade50-6e33-470d-aa36-7371fdd88bb7&#8243; link_option_url=&#8221;@ET-DC@eyJkeW5hbWljIjp0cnVlLCJjb250ZW50IjoicG9zdF9saW5rX3VybF9wYWdlIiwic2V0dGluZ3MiOnsicG9zdF9pZCI6IjUyNDU4In19@&#8221; global_colors_info=&#8221;{}&#8221;][\/et_pb_blurb][\/et_pb_column][et_pb_column type=&#8221;1_4&#8243; _builder_version=&#8221;4.18.0&#8243; _module_preset=&#8221;default&#8221; global_colors_info=&#8221;{}&#8221;][\/et_pb_column][\/et_pb_row][\/et_pb_section][et_pb_section fb_built=&#8221;1&#8243; module_id=&#8221;tilaus&#8221; _builder_version=&#8221;4.18.0&#8243; _module_preset=&#8221;default&#8221; background_color=&#8221;#FFFFFF&#8221; global_module=&#8221;53593&#8243; saved_tabs=&#8221;all&#8221; global_colors_info=&#8221;{}&#8221;][et_pb_row column_structure=&#8221;1_2,1_2&#8243; use_custom_gutter=&#8221;on&#8221; gutter_width=&#8221;2&#8243; _builder_version=&#8221;4.18.0&#8243; _module_preset=&#8221;default&#8221; width=&#8221;85%&#8221; width_tablet=&#8221;90%&#8221; width_phone=&#8221;85%&#8221; width_last_edited=&#8221;on|phone&#8221; max_width=&#8221;1600px&#8221; custom_padding=&#8221;0px||||false|false&#8221; custom_css_main_element=&#8221;display: flex;||align-items: center;||flex-wrap: wrap;&#8221; global_colors_info=&#8221;{}&#8221;][et_pb_column type=&#8221;1_2&#8243; _builder_version=&#8221;4.18.0&#8243; _module_preset=&#8221;default&#8221; global_colors_info=&#8221;{}&#8221;][et_pb_text _builder_version=&#8221;4.18.0&#8243; _module_preset=&#8221;e26ca311-2fba-44ad-9b93-f466ed3fb898&#8243; header_text_align=&#8221;center&#8221; header_3_text_align=&#8221;center&#8221; custom_padding=&#8221;||20px||false|false&#8221; global_colors_info=&#8221;{}&#8221;]<\/p>\n<h3><span>N\u00c4IN TILAAT<\/span><\/h3>\n<p>[\/et_pb_text][et_pb_blurb title=&#8221;1. Valitse kiinnostava tuote tarjouskoriin&#8221; use_icon=&#8221;on&#8221; font_icon=&#8221;&#xe07a;||divi||400&#8243; image_icon_background_color=&#8221;#EA97AD&#8221; icon_placement=&#8221;left&#8221; image_icon_width=&#8221;24px&#8221; content_max_width=&#8221;2000px&#8221; _builder_version=&#8221;4.18.0&#8243; _module_preset=&#8221;e17080c1-e191-4903-8ff6-56217eb34c9d&#8221; header_font=&#8221;Roboto|700|||||||&#8221; header_text_align=&#8221;left&#8221; header_font_size=&#8221;20px&#8221; body_text_align=&#8221;left&#8221; image_icon_custom_padding=&#8221;17px|15px|17px|15px|true|true&#8221; module_alignment=&#8221;center&#8221; custom_margin=&#8221;||10px||false|false&#8221; custom_padding=&#8221;||20px||false|false&#8221; animation=&#8221;off&#8221; body_font_size_tablet=&#8221;&#8221; body_font_size_phone=&#8221;15px&#8221; body_font_size_last_edited=&#8221;on|phone&#8221; global_colors_info=&#8221;{}&#8221;]<\/p>\n<p>Saatavillasi on laaja valikoima kierr\u00e4tysmateriaalista valmistettuja tuotteita, joten l\u00f6yd\u00e4t meilt\u00e4 todistetusti ekologisimmat ratkaisut vaatetukseen. Sivustollamme on kuitenkin n\u00e4kyviss\u00e4 ainoastaan suosituimmat tuotteet, joten ota rohkeasti yhteytt\u00e4, mik\u00e4li sopivaa tuotetta ei l\u00f6ydy. Asiantunteva henkil\u00f6st\u00f6mme etsii t\u00e4m\u00e4n j\u00e4lkeen sinulle soveltuvan ratkaisun.<\/p>\n<p>[\/et_pb_blurb][et_pb_blurb title=&#8221;2. Liit\u00e4 tarjouspyynt\u00f6\u00f6n kuvatiedosto logosta tai tekstist\u00e4&#8221; use_icon=&#8221;on&#8221; font_icon=&#8221;&#xe006;||divi||400&#8243; icon_placement=&#8221;left&#8221; image_icon_width=&#8221;24px&#8221; content_max_width=&#8221;2000px&#8221; _builder_version=&#8221;4.18.0&#8243; _module_preset=&#8221;e17080c1-e191-4903-8ff6-56217eb34c9d&#8221; header_font=&#8221;Roboto|700|||||||&#8221; header_text_align=&#8221;left&#8221; header_font_size=&#8221;20px&#8221; body_text_align=&#8221;left&#8221; image_icon_custom_padding=&#8221;17px|15px|17px|15px|true|true&#8221; module_alignment=&#8221;center&#8221; custom_margin=&#8221;||10px||false|false&#8221; custom_padding=&#8221;||20px||false|false&#8221; animation=&#8221;off&#8221; body_font_size_tablet=&#8221;&#8221; body_font_size_phone=&#8221;15px&#8221; body_font_size_last_edited=&#8221;on|phone&#8221; global_colors_info=&#8221;{}&#8221;]<\/p>\n<p>Tarjoamme kaikki suosituimmat kustomointitavat painatuksista brodeerauksiin sek\u00e4 tarvittaessa my\u00f6s autamme logon suunnittelussa ja muokkauksessa. Halutessasi voit my\u00f6s l\u00e4hett\u00e4\u00e4 tarjouspyynn\u00f6n ilman logoa.<\/p>\n<p>[\/et_pb_blurb][et_pb_blurb title=&#8221;3. Hoidamme kaiken muun puolestasi&#8221; use_icon=&#8221;on&#8221; font_icon=&#8221;&#xe05e;||fa||900&#8243; image_icon_background_color=&#8221;#552244&#8243; icon_placement=&#8221;left&#8221; image_icon_width=&#8221;24px&#8221; content_max_width=&#8221;2000px&#8221; _builder_version=&#8221;4.18.0&#8243; _module_preset=&#8221;e17080c1-e191-4903-8ff6-56217eb34c9d&#8221; header_font=&#8221;Roboto|700|||||||&#8221; header_text_align=&#8221;left&#8221; header_font_size=&#8221;20px&#8221; body_text_align=&#8221;left&#8221; image_icon_custom_padding=&#8221;17px|15px|17px|15px|true|true&#8221; module_alignment=&#8221;center&#8221; custom_margin=&#8221;||10px||false|false&#8221; custom_padding=&#8221;||20px||false|false&#8221; animation=&#8221;off&#8221; body_font_size_tablet=&#8221;&#8221; body_font_size_phone=&#8221;15px&#8221; body_font_size_last_edited=&#8221;on|phone&#8221; global_colors_info=&#8221;{}&#8221;]<\/p>\n<p>Tarjoamme r\u00e4\u00e4t\u00e4l\u00f6idyn ratkaisun juuri sinun tarpeisiisi kilpailukykyiseen hintaan. Laadimme my\u00f6s digitaaliset vedokset valmiista tuotteista ja avaamme ryhmille verkkokaupan, josta jokainen ryhm\u00e4n j\u00e4sen voi ostaa oman tuotteensa muutamalla klikkauksella. N\u00e4in tilauksen yhteyshenkil\u00f6n ei tarvitse huolehtia tilausten ja rahojen ker\u00e4\u00e4misest\u00e4 itse. Halutessaan tilauksen saa kuitenkin my\u00f6s yhdelle laskulle ilman verkkokauppaa.<\/p>\n<p>[\/et_pb_blurb][et_pb_button button_url=&#8221;@ET-DC@eyJkeW5hbWljIjp0cnVlLCJjb250ZW50IjoicG9zdF9saW5rX3VybF9wYWdlIiwic2V0dGluZ3MiOnsicG9zdF9pZCI6IjUyNzkzIn19@&#8221; button_text=&#8221;Katso koko valikoimamme&#8221; button_alignment=&#8221;center&#8221; _builder_version=&#8221;4.18.0&#8243; _dynamic_attributes=&#8221;button_url&#8221; _module_preset=&#8221;3ea5aa0a-dbed-4e1c-9918-a23d0e61b5fa&#8221; global_colors_info=&#8221;{}&#8221;][\/et_pb_button][\/et_pb_column][et_pb_column type=&#8221;1_2&#8243; _builder_version=&#8221;4.18.0&#8243; _module_preset=&#8221;default&#8221; global_colors_info=&#8221;{}&#8221;][et_pb_image src=&#8221;https:\/\/tilaa.kloffa.fi\/wp-content\/uploads\/2022\/09\/palvelu22.webp&#8221; title_text=&#8221;palvelu22&#8243; _builder_version=&#8221;4.18.0&#8243; _module_preset=&#8221;default&#8221; global_colors_info=&#8221;{}&#8221;][\/et_pb_image][\/et_pb_column][\/et_pb_row][\/et_pb_section]<\/p>\n","protected":false},"excerpt":{"rendered":"<p>Kaikki tuotteet &#8211; Painatuksella tai brodeerauksellaVain aidosti ekologisimmat ja vastuullisimmat tuotteet. Meill\u00e4 Kloffa Clothingilla et tingi laadusta tai ymp\u00e4rist\u00f6yst\u00e4v\u00e4llisyydest\u00e4. Tervetuloa vaatetuksen uudelle aikakaudelle.TuotekategoriatN\u00c4IN TILAATSaatavillasi on laaja valikoima kierr\u00e4tysmateriaalista valmistettuja tuotteita, joten l\u00f6yd\u00e4t meilt\u00e4 todistetusti ekologisimmat ratkaisut vaatetukseen. Sivustollamme on kuitenkin n\u00e4kyviss\u00e4 ainoastaan suosituimmat tuotteet, joten ota rohkeasti yhteytt\u00e4, mik\u00e4li sopivaa tuotetta ei l\u00f6ydy. Asiantunteva henkil\u00f6st\u00f6mme [&hellip;]<\/p>\n","protected":false},"author":1,"featured_media":0,"parent":0,"menu_order":0,"comment_status":"closed","ping_status":"closed","template":"","meta":{"_et_pb_use_builder":"on","_et_pb_old_content":"","_et_gb_content_width":"","footnotes":""},"class_list":["post-52793","page","type-page","status-publish","hentry"],"_links":{"self":[{"href":"https:\/\/tilaa.kloffa.fi\/en\/wp-json\/wp\/v2\/pages\/52793","targetHints":{"allow":["GET"]}}],"collection":[{"href":"https:\/\/tilaa.kloffa.fi\/en\/wp-json\/wp\/v2\/pages"}],"about":[{"href":"https:\/\/tilaa.kloffa.fi\/en\/wp-json\/wp\/v2\/types\/page"}],"author":[{"embeddable":true,"href":"https:\/\/tilaa.kloffa.fi\/en\/wp-json\/wp\/v2\/users\/1"}],"replies":[{"embeddable":true,"href":"https:\/\/tilaa.kloffa.fi\/en\/wp-json\/wp\/v2\/comments?post=52793"}],"version-history":[{"count":8,"href":"https:\/\/tilaa.kloffa.fi\/en\/wp-json\/wp\/v2\/pages\/52793\/revisions"}],"predecessor-version":[{"id":54074,"href":"https:\/\/tilaa.kloffa.fi\/en\/wp-json\/wp\/v2\/pages\/52793\/revisions\/54074"}],"wp:attachment":[{"href":"https:\/\/tilaa.kloffa.fi\/en\/wp-json\/wp\/v2\/media?parent=52793"}],"curies":[{"name":"wp","href":"https:\/\/api.w.org\/{rel}","templated":true}]}}